{"id":8614,"date":"2024-10-18T12:47:33","date_gmt":"2024-10-18T11:47:33","guid":{"rendered":"https:\/\/www.first-quantum.com\/cambio-climatico\/"},"modified":"2025-08-28T14:16:33","modified_gmt":"2025-08-28T13:16:33","slug":"cambio-climatico","status":"publish","type":"page","link":"https:\/\/www.first-quantum.com\/es\/sostenibilidad\/medio-ambiente\/cambio-climatico\/","title":{"rendered":"Cambio clim\u00e1tico"},"content":{"rendered":"<p>*P\u00e1gina en construcci\u00f3n*<\/p>\n","protected":false},"excerpt":{"rendered":"<p>*P\u00e1gina en construcci\u00f3n*<\/p>\n","protected":false},"author":6,"featured_media":6399,"parent":8640,"menu_order":0,"comment_status":"closed","ping_status":"closed","template":"page-components.php","meta":{"_acf_changed":false,"footnotes":""},"class_list":["post-8614","page","type-page","status-publish","has-post-thumbnail","hentry"],"acf":[],"_links":{"self":[{"href":"https:\/\/www.first-quantum.com\/es\/wp-json\/wp\/v2\/pages\/8614","targetHints":{"allow":["GET"]}}],"collection":[{"href":"https:\/\/www.first-quantum.com\/es\/wp-json\/wp\/v2\/pages"}],"about":[{"href":"https:\/\/www.first-quantum.com\/es\/wp-json\/wp\/v2\/types\/page"}],"author":[{"embeddable":true,"href":"https:\/\/www.first-quantum.com\/es\/wp-json\/wp\/v2\/users\/6"}],"replies":[{"embeddable":true,"href":"https:\/\/www.first-quantum.com\/es\/wp-json\/wp\/v2\/comments?post=8614"}],"version-history":[{"count":3,"href":"https:\/\/www.first-quantum.com\/es\/wp-json\/wp\/v2\/pages\/8614\/revisions"}],"predecessor-version":[{"id":12897,"href":"https:\/\/www.first-quantum.com\/es\/wp-json\/wp\/v2\/pages\/8614\/revisions\/12897"}],"up":[{"embeddable":true,"href":"https:\/\/www.first-quantum.com\/es\/wp-json\/wp\/v2\/pages\/8640"}],"wp:featuredmedia":[{"embeddable":true,"href":"https:\/\/www.first-quantum.com\/es\/wp-json\/wp\/v2\/media\/6399"}],"wp:attachment":[{"href":"https:\/\/www.first-quantum.com\/es\/wp-json\/wp\/v2\/media?parent=8614"}],"curies":[{"name":"wp","href":"https:\/\/api.w.org\/{rel}","templated":true}]}}